{"id":9652,"date":"2025-04-22T15:29:51","date_gmt":"2025-04-22T13:29:51","guid":{"rendered":"https:\/\/shineprodk.com\/about-us\/"},"modified":"2025-05-15T13:34:34","modified_gmt":"2025-05-15T11:34:34","slug":"about-us","status":"publish","type":"page","link":"https:\/\/shineprodk.com\/en\/about-us\/","title":{"rendered":"About us"},"content":{"rendered":"\t\t<div data-elementor-type=\"wp-page\" data-elementor-id=\"9652\" class=\"elementor elementor-9652 elementor-9405\" data-elementor-post-type=\"page\">\n\t\t\t\t<div class=\"elementor-element elementor-element-587eb7e e-flex e-con-boxed e-con e-parent\" data-id=\"587eb7e\" data-element_type=\"container\">\n\t\t\t\t\t<div class=\"e-con-inner\">\n\t\t<div class=\"elementor-element elementor-element-5122094 e-con-full e-flex e-con e-child\" data-id=\"5122094\" data-element_type=\"container\">\n\t\t\t\t<div class=\"elementor-element elementor-element-12fd5e3 elementor-widget elementor-widget-text-editor\" data-id=\"12fd5e3\" data-element_type=\"widget\" data-widget_type=\"text-editor.default\">\n\t\t\t\t<div class=\"elementor-widget-container\">\n\t\t\t\t\t\t\t\t\t<h1>About ShinePro ApS<\/h1>\n<p>Content coming soon&#8230;<\/p>\n\t\t\t\t\t\t\t\t<\/div>\n\t\t\t\t<\/div>\n\t\t\t\t<div class=\"elementor-element elementor-element-56742a2 elementor-align-justify elementor-widget__width-initial cta elementor-widget elementor-widget-button\" data-id=\"56742a2\" data-element_type=\"widget\" data-settings=\"{&quot;_animation&quot;:&quot;none&quot;,&quot;_animation_delay&quot;:800}\" data-widget_type=\"button.default\">\n\t\t\t\t<div class=\"elementor-widget-container\">\n\t\t\t\t\t\t\t\t\t<div class=\"elementor-button-wrapper\">\n\t\t\t\t\t<a class=\"elementor-button elementor-button-link elementor-size-sm\" href=\"https:\/\/shineprodk.com\/en\/contact\/\">\n\t\t\t\t\t\t<span class=\"elementor-button-content-wrapper\">\n\t\t\t\t\t\t\t\t\t<span class=\"elementor-button-text\">Contact us today<\/span>\n\t\t\t\t\t<\/span>\n\t\t\t\t\t<\/a>\n\t\t\t\t<\/div>\n\t\t\t\t\t\t\t\t<\/div>\n\t\t\t\t<\/div>\n\t\t\t\t<\/div>\n\t\t<div class=\"elementor-element elementor-element-2c44f8d e-con-full e-flex e-con e-child\" data-id=\"2c44f8d\" data-element_type=\"container\" data-settings=\"{&quot;background_background&quot;:&quot;classic&quot;}\">\n\t\t\t\t<\/div>\n\t\t\t\t\t<\/div>\n\t\t\t\t<\/div>\n\t\t<div class=\"elementor-element elementor-element-3b16206 e-flex e-con-boxed e-con e-parent\" data-id=\"3b16206\" data-element_type=\"container\" data-settings=\"{&quot;background_background&quot;:&quot;classic&quot;}\">\n\t\t\t\t\t<div class=\"e-con-inner\">\n\t\t<div class=\"elementor-element elementor-element-616ee4f e-con-full e-flex e-con e-child\" data-id=\"616ee4f\" data-element_type=\"container\">\n\t\t\t\t<div class=\"elementor-element elementor-element-c098cd3 elementor-widget elementor-widget-heading\" data-id=\"c098cd3\" data-element_type=\"widget\" data-widget_type=\"heading.default\">\n\t\t\t\t<div class=\"elementor-widget-container\">\n\t\t\t\t\t<h2 class=\"elementor-heading-title elementor-size-default\">Ready for shiny results? Contact us today!<\/h2>\t\t\t\t<\/div>\n\t\t\t\t<\/div>\n\t\t\t\t<div class=\"elementor-element elementor-element-22fcb70 elementor-widget elementor-widget-text-editor\" data-id=\"22fcb70\" data-element_type=\"widget\" data-widget_type=\"text-editor.default\">\n\t\t\t\t<div class=\"elementor-widget-container\">\n\t\t\t\t\t\t\t\t\t<p>Whether you need professional office cleaning, hotel cleaning or a tailor-made solution \u2013 we are ready to help.<br \/>We respond quickly, work efficiently and deliver quality every time.<\/p>\n<p>Let\u2019s have a chat \u2013 without obligation, of course!<\/p>\n\t\t\t\t\t\t\t\t<\/div>\n\t\t\t\t<\/div>\n\t\t\t\t<div class=\"elementor-element elementor-element-7807753 elementor-align-justify elementor-widget__width-initial cta elementor-widget elementor-widget-button\" data-id=\"7807753\" data-element_type=\"widget\" data-settings=\"{&quot;_animation&quot;:&quot;none&quot;,&quot;_animation_delay&quot;:800}\" data-widget_type=\"button.default\">\n\t\t\t\t<div class=\"elementor-widget-container\">\n\t\t\t\t\t\t\t\t\t<div class=\"elementor-button-wrapper\">\n\t\t\t\t\t<a class=\"elementor-button elementor-button-link elementor-size-sm\" href=\"https:\/\/shineprodk.com\/en\/contact\/\">\n\t\t\t\t\t\t<span class=\"elementor-button-content-wrapper\">\n\t\t\t\t\t\t\t\t\t<span class=\"elementor-button-text\">Contact us today<\/span>\n\t\t\t\t\t<\/span>\n\t\t\t\t\t<\/a>\n\t\t\t\t<\/div>\n\t\t\t\t\t\t\t\t<\/div>\n\t\t\t\t<\/div>\n\t\t\t\t<\/div>\n\t\t<div class=\"elementor-element elementor-element-9dd4e58 e-con-full e-flex e-con e-child\" data-id=\"9dd4e58\" data-element_type=\"container\">\n\t\t\t\t<div class=\"elementor-element elementor-element-75cc572 elementor-widget elementor-widget-shortcode\" data-id=\"75cc572\" data-element_type=\"widget\" data-widget_type=\"shortcode.default\">\n\t\t\t\t<div class=\"elementor-widget-container\">\n\t\t\t\t\t\t\t<div class=\"elementor-shortcode\"><form id=\"forminator-module-9671\" class=\"forminator-custom-form forminator-custom-form-9671\" method=\"post\" data-forminator-render=\"0\" data-uid=\"69f4402a495e7\"><div role=\"alert\" aria-live=\"polite\" class=\"forminator-response-message forminator-error\" aria-hidden=\"true\"><\/div><\/form><\/div>\n\t\t\t\t\t\t<\/div>\n\t\t\t\t<\/div>\n\t\t\t\t<\/div>\n\t\t\t\t\t<\/div>\n\t\t\t\t<\/div>\n\t\t\t\t<\/div>\n\t\t","protected":false},"excerpt":{"rendered":"<p>About ShinePro ApS Content coming soon&#8230; Contact us today Ready for shiny results? Contact us today! Whether you need professional office cleaning, hotel cleaning or a tailor-made solution \u2013 we are ready to help.We respond quickly, work efficiently and deliver quality every time. Let\u2019s have a chat \u2013 without obligation, of course! Contact us today<\/p>\n","protected":false},"author":5,"featured_media":0,"parent":0,"menu_order":1004,"comment_status":"closed","ping_status":"closed","template":"","meta":{"_acf_changed":false,"footnotes":""},"categories":[],"class_list":["post-9652","page","type-page","status-publish"],"acf":[],"yoast_head":"<!-- This site is optimized with the Yoast SEO plugin v27.4 - https:\/\/yoast.com\/product\/yoast-seo-wordpress\/ -->\n<title>About us | ShinePro ApS<\/title>\n<meta name=\"robots\" content=\"index, follow, max-snippet:-1, max-image-preview:large, max-video-preview:-1\" \/>\n<link rel=\"canonical\" href=\"https:\/\/shineprodk.com\/en\/about-us\/\" \/>\n<meta property=\"og:locale\" content=\"en_US\" \/>\n<meta property=\"og:type\" content=\"article\" \/>\n<meta property=\"og:title\" content=\"About us | ShinePro ApS\" \/>\n<meta property=\"og:description\" content=\"About ShinePro ApS Content coming soon&#8230; Contact us today Ready for shiny results? Contact us today! Whether you need professional office cleaning, hotel cleaning or a tailor-made solution \u2013 we are ready to help.We respond quickly, work efficiently and deliver quality every time. Let\u2019s have a chat \u2013 without obligation, of course! Contact us today\" \/>\n<meta property=\"og:url\" content=\"https:\/\/shineprodk.com\/en\/about-us\/\" \/>\n<meta property=\"og:site_name\" content=\"ShinePro ApS\" \/>\n<meta property=\"article:modified_time\" content=\"2025-05-15T11:34:34+00:00\" \/>\n<meta name=\"twitter:card\" content=\"summary_large_image\" \/>\n<script type=\"application\/ld+json\" class=\"yoast-schema-graph\">{\"@context\":\"https:\\\/\\\/schema.org\",\"@graph\":[{\"@type\":\"WebPage\",\"@id\":\"https:\\\/\\\/shineprodk.com\\\/en\\\/about-us\\\/\",\"url\":\"https:\\\/\\\/shineprodk.com\\\/en\\\/about-us\\\/\",\"name\":\"About us | ShinePro ApS\",\"isPartOf\":{\"@id\":\"https:\\\/\\\/shineprodk.com\\\/en\\\/#website\"},\"datePublished\":\"2025-04-22T13:29:51+00:00\",\"dateModified\":\"2025-05-15T11:34:34+00:00\",\"breadcrumb\":{\"@id\":\"https:\\\/\\\/shineprodk.com\\\/en\\\/about-us\\\/#breadcrumb\"},\"inLanguage\":\"en-US\",\"potentialAction\":[{\"@type\":\"ReadAction\",\"target\":[\"https:\\\/\\\/shineprodk.com\\\/en\\\/about-us\\\/\"]}]},{\"@type\":\"BreadcrumbList\",\"@id\":\"https:\\\/\\\/shineprodk.com\\\/en\\\/about-us\\\/#breadcrumb\",\"itemListElement\":[{\"@type\":\"ListItem\",\"position\":1,\"name\":\"Forside\",\"item\":\"https:\\\/\\\/shineprodk.com\\\/en\\\/\"},{\"@type\":\"ListItem\",\"position\":2,\"name\":\"About us\"}]},{\"@type\":\"WebSite\",\"@id\":\"https:\\\/\\\/shineprodk.com\\\/en\\\/#website\",\"url\":\"https:\\\/\\\/shineprodk.com\\\/en\\\/\",\"name\":\"ShinePro ApS\",\"description\":\"Erhvervsreng\u00f8ring: Kontorreng\u00f8ring og hotel reng\u00f8ring i Stork\u00f8benhavn.\",\"publisher\":{\"@id\":\"https:\\\/\\\/shineprodk.com\\\/en\\\/#organization\"},\"potentialAction\":[{\"@type\":\"SearchAction\",\"target\":{\"@type\":\"EntryPoint\",\"urlTemplate\":\"https:\\\/\\\/shineprodk.com\\\/en\\\/?s={search_term_string}\"},\"query-input\":{\"@type\":\"PropertyValueSpecification\",\"valueRequired\":true,\"valueName\":\"search_term_string\"}}],\"inLanguage\":\"en-US\"},{\"@type\":\"Organization\",\"@id\":\"https:\\\/\\\/shineprodk.com\\\/en\\\/#organization\",\"name\":\"ShinePro ApS\",\"url\":\"https:\\\/\\\/shineprodk.com\\\/en\\\/\",\"logo\":{\"@type\":\"ImageObject\",\"inLanguage\":\"en-US\",\"@id\":\"https:\\\/\\\/shineprodk.com\\\/en\\\/#\\\/schema\\\/logo\\\/image\\\/\",\"url\":\"https:\\\/\\\/shineprodk.com\\\/wp-content\\\/uploads\\\/2025\\\/05\\\/logo.png\",\"contentUrl\":\"https:\\\/\\\/shineprodk.com\\\/wp-content\\\/uploads\\\/2025\\\/05\\\/logo.png\",\"width\":332,\"height\":274,\"caption\":\"ShinePro ApS\"},\"image\":{\"@id\":\"https:\\\/\\\/shineprodk.com\\\/en\\\/#\\\/schema\\\/logo\\\/image\\\/\"}}]}<\/script>\n<!-- \/ Yoast SEO plugin. -->","yoast_head_json":{"title":"About us | ShinePro ApS","robots":{"index":"index","follow":"follow","max-snippet":"max-snippet:-1","max-image-preview":"max-image-preview:large","max-video-preview":"max-video-preview:-1"},"canonical":"https:\/\/shineprodk.com\/en\/about-us\/","og_locale":"en_US","og_type":"article","og_title":"About us | ShinePro ApS","og_description":"About ShinePro ApS Content coming soon&#8230; Contact us today Ready for shiny results? Contact us today! Whether you need professional office cleaning, hotel cleaning or a tailor-made solution \u2013 we are ready to help.We respond quickly, work efficiently and deliver quality every time. Let\u2019s have a chat \u2013 without obligation, of course! Contact us today","og_url":"https:\/\/shineprodk.com\/en\/about-us\/","og_site_name":"ShinePro ApS","article_modified_time":"2025-05-15T11:34:34+00:00","twitter_card":"summary_large_image","schema":{"@context":"https:\/\/schema.org","@graph":[{"@type":"WebPage","@id":"https:\/\/shineprodk.com\/en\/about-us\/","url":"https:\/\/shineprodk.com\/en\/about-us\/","name":"About us | ShinePro ApS","isPartOf":{"@id":"https:\/\/shineprodk.com\/en\/#website"},"datePublished":"2025-04-22T13:29:51+00:00","dateModified":"2025-05-15T11:34:34+00:00","breadcrumb":{"@id":"https:\/\/shineprodk.com\/en\/about-us\/#breadcrumb"},"inLanguage":"en-US","potentialAction":[{"@type":"ReadAction","target":["https:\/\/shineprodk.com\/en\/about-us\/"]}]},{"@type":"BreadcrumbList","@id":"https:\/\/shineprodk.com\/en\/about-us\/#breadcrumb","itemListElement":[{"@type":"ListItem","position":1,"name":"Forside","item":"https:\/\/shineprodk.com\/en\/"},{"@type":"ListItem","position":2,"name":"About us"}]},{"@type":"WebSite","@id":"https:\/\/shineprodk.com\/en\/#website","url":"https:\/\/shineprodk.com\/en\/","name":"ShinePro ApS","description":"Erhvervsreng\u00f8ring: Kontorreng\u00f8ring og hotel reng\u00f8ring i Stork\u00f8benhavn.","publisher":{"@id":"https:\/\/shineprodk.com\/en\/#organization"},"potentialAction":[{"@type":"SearchAction","target":{"@type":"EntryPoint","urlTemplate":"https:\/\/shineprodk.com\/en\/?s={search_term_string}"},"query-input":{"@type":"PropertyValueSpecification","valueRequired":true,"valueName":"search_term_string"}}],"inLanguage":"en-US"},{"@type":"Organization","@id":"https:\/\/shineprodk.com\/en\/#organization","name":"ShinePro ApS","url":"https:\/\/shineprodk.com\/en\/","logo":{"@type":"ImageObject","inLanguage":"en-US","@id":"https:\/\/shineprodk.com\/en\/#\/schema\/logo\/image\/","url":"https:\/\/shineprodk.com\/wp-content\/uploads\/2025\/05\/logo.png","contentUrl":"https:\/\/shineprodk.com\/wp-content\/uploads\/2025\/05\/logo.png","width":332,"height":274,"caption":"ShinePro ApS"},"image":{"@id":"https:\/\/shineprodk.com\/en\/#\/schema\/logo\/image\/"}}]}},"_links":{"self":[{"href":"https:\/\/shineprodk.com\/en\/wp-json\/wp\/v2\/pages\/9652","targetHints":{"allow":["GET"]}}],"collection":[{"href":"https:\/\/shineprodk.com\/en\/wp-json\/wp\/v2\/pages"}],"about":[{"href":"https:\/\/shineprodk.com\/en\/wp-json\/wp\/v2\/types\/page"}],"author":[{"embeddable":true,"href":"https:\/\/shineprodk.com\/en\/wp-json\/wp\/v2\/users\/5"}],"replies":[{"embeddable":true,"href":"https:\/\/shineprodk.com\/en\/wp-json\/wp\/v2\/comments?post=9652"}],"version-history":[{"count":5,"href":"https:\/\/shineprodk.com\/en\/wp-json\/wp\/v2\/pages\/9652\/revisions"}],"predecessor-version":[{"id":9686,"href":"https:\/\/shineprodk.com\/en\/wp-json\/wp\/v2\/pages\/9652\/revisions\/9686"}],"wp:attachment":[{"href":"https:\/\/shineprodk.com\/en\/wp-json\/wp\/v2\/media?parent=9652"}],"wp:term":[{"taxonomy":"category","embeddable":true,"href":"https:\/\/shineprodk.com\/en\/wp-json\/wp\/v2\/categories?post=9652"}],"curies":[{"name":"wp","href":"https:\/\/api.w.org\/{rel}","templated":true}]}}