{"id":9650,"date":"2025-04-22T15:29:51","date_gmt":"2025-04-22T13:29:51","guid":{"rendered":"https:\/\/shineprodk.com\/gallery\/"},"modified":"2025-05-15T13:33:25","modified_gmt":"2025-05-15T11:33:25","slug":"gallery","status":"publish","type":"page","link":"https:\/\/shineprodk.com\/en\/gallery\/","title":{"rendered":"Gallery"},"content":{"rendered":"\t\t<div data-elementor-type=\"wp-page\" data-elementor-id=\"9650\" class=\"elementor elementor-9650 elementor-9404\" data-elementor-post-type=\"page\">\n\t\t\t\t<div class=\"elementor-element elementor-element-0fd93f2 e-flex e-con-boxed e-con e-parent\" data-id=\"0fd93f2\" data-element_type=\"container\">\n\t\t\t\t\t<div class=\"e-con-inner\">\n\t\t\t\t<div class=\"elementor-element elementor-element-84275d1 elementor-widget elementor-widget-text-editor\" data-id=\"84275d1\" data-element_type=\"widget\" data-widget_type=\"text-editor.default\">\n\t\t\t\t<div class=\"elementor-widget-container\">\n\t\t\t\t\t\t\t\t\t<h1>Gallery<\/h1>\n<p>See our work here.<\/p>\n\t\t\t\t\t\t\t\t<\/div>\n\t\t\t\t<\/div>\n\t\t\t\t<div class=\"elementor-element elementor-element-6bcb79c elementor-widget elementor-widget-gallery\" data-id=\"6bcb79c\" data-element_type=\"widget\" data-settings=\"{&quot;aspect_ratio&quot;:&quot;1:1&quot;,&quot;lazyload&quot;:&quot;yes&quot;,&quot;gallery_layout&quot;:&quot;grid&quot;,&quot;columns&quot;:4,&quot;columns_tablet&quot;:2,&quot;columns_mobile&quot;:1,&quot;gap&quot;:{&quot;unit&quot;:&quot;px&quot;,&quot;size&quot;:10,&quot;sizes&quot;:[]},&quot;gap_laptop&quot;:{&quot;unit&quot;:&quot;px&quot;,&quot;size&quot;:10,&quot;sizes&quot;:[]},&quot;gap_tablet&quot;:{&quot;unit&quot;:&quot;px&quot;,&quot;size&quot;:10,&quot;sizes&quot;:[]},&quot;gap_mobile&quot;:{&quot;unit&quot;:&quot;px&quot;,&quot;size&quot;:10,&quot;sizes&quot;:[]},&quot;link_to&quot;:&quot;file&quot;,&quot;overlay_background&quot;:&quot;yes&quot;,&quot;content_hover_animation&quot;:&quot;fade-in&quot;}\" data-widget_type=\"gallery.default\">\n\t\t\t\t<div class=\"elementor-widget-container\">\n\t\t\t\t\t\t\t<div class=\"elementor-gallery__container\">\n\t\t\t\t\t\t\t<a class=\"e-gallery-item elementor-gallery-item elementor-animated-content\" href=\"https:\/\/shineprodk.com\/wp-content\/uploads\/2025\/04\/rengoering-5-scaled.jpg\" data-elementor-open-lightbox=\"yes\" data-elementor-lightbox-slideshow=\"6bcb79c\" data-e-action-hash=\"#elementor-action%3Aaction%3Dlightbox%26settings%3DeyJpZCI6OTYzNywidXJsIjoiaHR0cHM6XC9cL3NoaW5lcHJvZGsuY29tXC93cC1jb250ZW50XC91cGxvYWRzXC8yMDI1XC8wNFwvcmVuZ29lcmluZy01LXNjYWxlZC5qcGciLCJzbGlkZXNob3ciOiI2YmNiNzljIn0%3D\" data-rel=\"-image-0\" data-rl_title=\"\" data-rl_caption=\"\" title=\"\">\n\t\t\t\t\t<div class=\"e-gallery-image elementor-gallery-item__image\" data-thumbnail=\"https:\/\/shineprodk.com\/wp-content\/uploads\/2025\/04\/rengoering-5-1000x667.jpg\" data-width=\"1000\" data-height=\"667\" aria-label=\"\" role=\"img\" ><\/div>\n\t\t\t\t\t\t\t\t\t\t\t<div class=\"elementor-gallery-item__overlay\"><\/div>\n\t\t\t\t\t\t\t\t\t\t\t\t\t\t<\/a>\n\t\t\t\t\t\t\t<a class=\"e-gallery-item elementor-gallery-item elementor-animated-content\" href=\"https:\/\/shineprodk.com\/wp-content\/uploads\/2025\/04\/rengoering-4-scaled.jpg\" data-elementor-open-lightbox=\"yes\" data-elementor-lightbox-slideshow=\"6bcb79c\" data-e-action-hash=\"#elementor-action%3Aaction%3Dlightbox%26settings%3DeyJpZCI6OTYzNiwidXJsIjoiaHR0cHM6XC9cL3NoaW5lcHJvZGsuY29tXC93cC1jb250ZW50XC91cGxvYWRzXC8yMDI1XC8wNFwvcmVuZ29lcmluZy00LXNjYWxlZC5qcGciLCJzbGlkZXNob3ciOiI2YmNiNzljIn0%3D\" data-rel=\"-image-1\" data-rl_title=\"\" data-rl_caption=\"\" title=\"\">\n\t\t\t\t\t<div class=\"e-gallery-image elementor-gallery-item__image\" data-thumbnail=\"https:\/\/shineprodk.com\/wp-content\/uploads\/2025\/04\/rengoering-4-1000x667.jpg\" data-width=\"1000\" data-height=\"667\" aria-label=\"\" role=\"img\" ><\/div>\n\t\t\t\t\t\t\t\t\t\t\t<div class=\"elementor-gallery-item__overlay\"><\/div>\n\t\t\t\t\t\t\t\t\t\t\t\t\t\t<\/a>\n\t\t\t\t\t\t\t<a class=\"e-gallery-item elementor-gallery-item elementor-animated-content\" href=\"https:\/\/shineprodk.com\/wp-content\/uploads\/2025\/04\/rengoering-2-scaled.jpg\" data-elementor-open-lightbox=\"yes\" data-elementor-lightbox-slideshow=\"6bcb79c\" data-e-action-hash=\"#elementor-action%3Aaction%3Dlightbox%26settings%3DeyJpZCI6OTYzNSwidXJsIjoiaHR0cHM6XC9cL3NoaW5lcHJvZGsuY29tXC93cC1jb250ZW50XC91cGxvYWRzXC8yMDI1XC8wNFwvcmVuZ29lcmluZy0yLXNjYWxlZC5qcGciLCJzbGlkZXNob3ciOiI2YmNiNzljIn0%3D\" data-rel=\"-image-2\" data-rl_title=\"\" data-rl_caption=\"\" title=\"\">\n\t\t\t\t\t<div class=\"e-gallery-image elementor-gallery-item__image\" data-thumbnail=\"https:\/\/shineprodk.com\/wp-content\/uploads\/2025\/04\/rengoering-2-1000x667.jpg\" data-width=\"1000\" data-height=\"667\" aria-label=\"\" role=\"img\" ><\/div>\n\t\t\t\t\t\t\t\t\t\t\t<div class=\"elementor-gallery-item__overlay\"><\/div>\n\t\t\t\t\t\t\t\t\t\t\t\t\t\t<\/a>\n\t\t\t\t\t\t\t<a class=\"e-gallery-item elementor-gallery-item elementor-animated-content\" href=\"https:\/\/shineprodk.com\/wp-content\/uploads\/2025\/04\/rengoering-1-scaled.jpg\" data-elementor-open-lightbox=\"yes\" data-elementor-lightbox-slideshow=\"6bcb79c\" data-e-action-hash=\"#elementor-action%3Aaction%3Dlightbox%26settings%3DeyJpZCI6OTYzNCwidXJsIjoiaHR0cHM6XC9cL3NoaW5lcHJvZGsuY29tXC93cC1jb250ZW50XC91cGxvYWRzXC8yMDI1XC8wNFwvcmVuZ29lcmluZy0xLXNjYWxlZC5qcGciLCJzbGlkZXNob3ciOiI2YmNiNzljIn0%3D\" data-rel=\"-image-3\" data-rl_title=\"\" data-rl_caption=\"\" title=\"\">\n\t\t\t\t\t<div class=\"e-gallery-image elementor-gallery-item__image\" data-thumbnail=\"https:\/\/shineprodk.com\/wp-content\/uploads\/2025\/04\/rengoering-1-1000x667.jpg\" data-width=\"1000\" data-height=\"667\" aria-label=\"\" role=\"img\" ><\/div>\n\t\t\t\t\t\t\t\t\t\t\t<div class=\"elementor-gallery-item__overlay\"><\/div>\n\t\t\t\t\t\t\t\t\t\t\t\t\t\t<\/a>\n\t\t\t\t\t<\/div>\n\t\t\t\t\t<\/div>\n\t\t\t\t<\/div>\n\t\t\t\t\t<\/div>\n\t\t\t\t<\/div>\n\t\t<div class=\"elementor-element elementor-element-1036440 e-flex e-con-boxed e-con e-parent\" data-id=\"1036440\" data-element_type=\"container\" data-settings=\"{&quot;background_background&quot;:&quot;classic&quot;}\">\n\t\t\t\t\t<div class=\"e-con-inner\">\n\t\t<div class=\"elementor-element elementor-element-6086800 e-con-full e-flex e-con e-child\" data-id=\"6086800\" data-element_type=\"container\">\n\t\t\t\t<div class=\"elementor-element elementor-element-d158f14 elementor-widget elementor-widget-heading\" data-id=\"d158f14\" data-element_type=\"widget\" data-widget_type=\"heading.default\">\n\t\t\t\t<div class=\"elementor-widget-container\">\n\t\t\t\t\t<h2 class=\"elementor-heading-title elementor-size-default\">Ready for shiny results? Contact us today!<\/h2>\t\t\t\t<\/div>\n\t\t\t\t<\/div>\n\t\t\t\t<div class=\"elementor-element elementor-element-6d257fb elementor-widget elementor-widget-text-editor\" data-id=\"6d257fb\" data-element_type=\"widget\" data-widget_type=\"text-editor.default\">\n\t\t\t\t<div class=\"elementor-widget-container\">\n\t\t\t\t\t\t\t\t\t<p>Whether you need professional office cleaning, hotel cleaning or a tailor-made solution \u2013 we are ready to help.<br \/>We respond quickly, work efficiently and deliver quality every time.<\/p>\n<p>Let\u2019s have a chat \u2013 without obligation, of course!<\/p>\n\t\t\t\t\t\t\t\t<\/div>\n\t\t\t\t<\/div>\n\t\t\t\t<div class=\"elementor-element elementor-element-4c7a13e elementor-align-justify elementor-widget__width-initial cta elementor-widget elementor-widget-button\" data-id=\"4c7a13e\" data-element_type=\"widget\" data-settings=\"{&quot;_animation&quot;:&quot;none&quot;,&quot;_animation_delay&quot;:800}\" data-widget_type=\"button.default\">\n\t\t\t\t<div class=\"elementor-widget-container\">\n\t\t\t\t\t\t\t\t\t<div class=\"elementor-button-wrapper\">\n\t\t\t\t\t<a class=\"elementor-button elementor-button-link elementor-size-sm\" href=\"https:\/\/shineprodk.com\/en\/contact\/\">\n\t\t\t\t\t\t<span class=\"elementor-button-content-wrapper\">\n\t\t\t\t\t\t\t\t\t<span class=\"elementor-button-text\">Contact us today<\/span>\n\t\t\t\t\t<\/span>\n\t\t\t\t\t<\/a>\n\t\t\t\t<\/div>\n\t\t\t\t\t\t\t\t<\/div>\n\t\t\t\t<\/div>\n\t\t\t\t<\/div>\n\t\t<div class=\"elementor-element elementor-element-4c1b92d e-con-full e-flex e-con e-child\" data-id=\"4c1b92d\" data-element_type=\"container\">\n\t\t\t\t<div class=\"elementor-element elementor-element-0943581 elementor-widget elementor-widget-shortcode\" data-id=\"0943581\" data-element_type=\"widget\" data-widget_type=\"shortcode.default\">\n\t\t\t\t<div class=\"elementor-widget-container\">\n\t\t\t\t\t\t\t<div class=\"elementor-shortcode\"><form id=\"forminator-module-9671\" class=\"forminator-custom-form forminator-custom-form-9671\" method=\"post\" data-forminator-render=\"0\" data-uid=\"69f44e05ab328\"><div role=\"alert\" aria-live=\"polite\" class=\"forminator-response-message forminator-error\" aria-hidden=\"true\"><\/div><\/form><\/div>\n\t\t\t\t\t\t<\/div>\n\t\t\t\t<\/div>\n\t\t\t\t<\/div>\n\t\t\t\t\t<\/div>\n\t\t\t\t<\/div>\n\t\t\t\t<\/div>\n\t\t","protected":false},"excerpt":{"rendered":"<p>Gallery See our work here. Ready for shiny results? Contact us today! Whether you need professional office cleaning, hotel cleaning or a tailor-made solution \u2013 we are ready to help.We respond quickly, work efficiently and deliver quality every time. Let\u2019s have a chat \u2013 without obligation, of course! Contact us today<\/p>\n","protected":false},"author":5,"featured_media":0,"parent":0,"menu_order":1003,"comment_status":"closed","ping_status":"closed","template":"","meta":{"_acf_changed":false,"footnotes":""},"categories":[],"class_list":["post-9650","page","type-page","status-publish"],"acf":[],"yoast_head":"<!-- This site is optimized with the Yoast SEO plugin v27.4 - https:\/\/yoast.com\/product\/yoast-seo-wordpress\/ -->\n<title>Gallery | ShinePro ApS<\/title>\n<meta name=\"robots\" content=\"index, follow, max-snippet:-1, max-image-preview:large, max-video-preview:-1\" \/>\n<link rel=\"canonical\" href=\"https:\/\/shineprodk.com\/en\/gallery\/\" \/>\n<meta property=\"og:locale\" content=\"en_US\" \/>\n<meta property=\"og:type\" content=\"article\" \/>\n<meta property=\"og:title\" content=\"Gallery | ShinePro ApS\" \/>\n<meta property=\"og:description\" content=\"Gallery See our work here. Ready for shiny results? Contact us today! Whether you need professional office cleaning, hotel cleaning or a tailor-made solution \u2013 we are ready to help.We respond quickly, work efficiently and deliver quality every time. Let\u2019s have a chat \u2013 without obligation, of course! Contact us today\" \/>\n<meta property=\"og:url\" content=\"https:\/\/shineprodk.com\/en\/gallery\/\" \/>\n<meta property=\"og:site_name\" content=\"ShinePro ApS\" \/>\n<meta property=\"article:modified_time\" content=\"2025-05-15T11:33:25+00:00\" \/>\n<meta name=\"twitter:card\" content=\"summary_large_image\" \/>\n<script type=\"application\/ld+json\" class=\"yoast-schema-graph\">{\"@context\":\"https:\\\/\\\/schema.org\",\"@graph\":[{\"@type\":\"WebPage\",\"@id\":\"https:\\\/\\\/shineprodk.com\\\/en\\\/gallery\\\/\",\"url\":\"https:\\\/\\\/shineprodk.com\\\/en\\\/gallery\\\/\",\"name\":\"Gallery | ShinePro ApS\",\"isPartOf\":{\"@id\":\"https:\\\/\\\/shineprodk.com\\\/en\\\/#website\"},\"datePublished\":\"2025-04-22T13:29:51+00:00\",\"dateModified\":\"2025-05-15T11:33:25+00:00\",\"breadcrumb\":{\"@id\":\"https:\\\/\\\/shineprodk.com\\\/en\\\/gallery\\\/#breadcrumb\"},\"inLanguage\":\"en-US\",\"potentialAction\":[{\"@type\":\"ReadAction\",\"target\":[\"https:\\\/\\\/shineprodk.com\\\/en\\\/gallery\\\/\"]}]},{\"@type\":\"BreadcrumbList\",\"@id\":\"https:\\\/\\\/shineprodk.com\\\/en\\\/gallery\\\/#breadcrumb\",\"itemListElement\":[{\"@type\":\"ListItem\",\"position\":1,\"name\":\"Forside\",\"item\":\"https:\\\/\\\/shineprodk.com\\\/en\\\/\"},{\"@type\":\"ListItem\",\"position\":2,\"name\":\"Gallery\"}]},{\"@type\":\"WebSite\",\"@id\":\"https:\\\/\\\/shineprodk.com\\\/en\\\/#website\",\"url\":\"https:\\\/\\\/shineprodk.com\\\/en\\\/\",\"name\":\"ShinePro ApS\",\"description\":\"Erhvervsreng\u00f8ring: Kontorreng\u00f8ring og hotel reng\u00f8ring i Stork\u00f8benhavn.\",\"publisher\":{\"@id\":\"https:\\\/\\\/shineprodk.com\\\/en\\\/#organization\"},\"potentialAction\":[{\"@type\":\"SearchAction\",\"target\":{\"@type\":\"EntryPoint\",\"urlTemplate\":\"https:\\\/\\\/shineprodk.com\\\/en\\\/?s={search_term_string}\"},\"query-input\":{\"@type\":\"PropertyValueSpecification\",\"valueRequired\":true,\"valueName\":\"search_term_string\"}}],\"inLanguage\":\"en-US\"},{\"@type\":\"Organization\",\"@id\":\"https:\\\/\\\/shineprodk.com\\\/en\\\/#organization\",\"name\":\"ShinePro ApS\",\"url\":\"https:\\\/\\\/shineprodk.com\\\/en\\\/\",\"logo\":{\"@type\":\"ImageObject\",\"inLanguage\":\"en-US\",\"@id\":\"https:\\\/\\\/shineprodk.com\\\/en\\\/#\\\/schema\\\/logo\\\/image\\\/\",\"url\":\"https:\\\/\\\/shineprodk.com\\\/wp-content\\\/uploads\\\/2025\\\/05\\\/logo.png\",\"contentUrl\":\"https:\\\/\\\/shineprodk.com\\\/wp-content\\\/uploads\\\/2025\\\/05\\\/logo.png\",\"width\":332,\"height\":274,\"caption\":\"ShinePro ApS\"},\"image\":{\"@id\":\"https:\\\/\\\/shineprodk.com\\\/en\\\/#\\\/schema\\\/logo\\\/image\\\/\"}}]}<\/script>\n<!-- \/ Yoast SEO plugin. -->","yoast_head_json":{"title":"Gallery | ShinePro ApS","robots":{"index":"index","follow":"follow","max-snippet":"max-snippet:-1","max-image-preview":"max-image-preview:large","max-video-preview":"max-video-preview:-1"},"canonical":"https:\/\/shineprodk.com\/en\/gallery\/","og_locale":"en_US","og_type":"article","og_title":"Gallery | ShinePro ApS","og_description":"Gallery See our work here. Ready for shiny results? Contact us today! Whether you need professional office cleaning, hotel cleaning or a tailor-made solution \u2013 we are ready to help.We respond quickly, work efficiently and deliver quality every time. Let\u2019s have a chat \u2013 without obligation, of course! Contact us today","og_url":"https:\/\/shineprodk.com\/en\/gallery\/","og_site_name":"ShinePro ApS","article_modified_time":"2025-05-15T11:33:25+00:00","twitter_card":"summary_large_image","schema":{"@context":"https:\/\/schema.org","@graph":[{"@type":"WebPage","@id":"https:\/\/shineprodk.com\/en\/gallery\/","url":"https:\/\/shineprodk.com\/en\/gallery\/","name":"Gallery | ShinePro ApS","isPartOf":{"@id":"https:\/\/shineprodk.com\/en\/#website"},"datePublished":"2025-04-22T13:29:51+00:00","dateModified":"2025-05-15T11:33:25+00:00","breadcrumb":{"@id":"https:\/\/shineprodk.com\/en\/gallery\/#breadcrumb"},"inLanguage":"en-US","potentialAction":[{"@type":"ReadAction","target":["https:\/\/shineprodk.com\/en\/gallery\/"]}]},{"@type":"BreadcrumbList","@id":"https:\/\/shineprodk.com\/en\/gallery\/#breadcrumb","itemListElement":[{"@type":"ListItem","position":1,"name":"Forside","item":"https:\/\/shineprodk.com\/en\/"},{"@type":"ListItem","position":2,"name":"Gallery"}]},{"@type":"WebSite","@id":"https:\/\/shineprodk.com\/en\/#website","url":"https:\/\/shineprodk.com\/en\/","name":"ShinePro ApS","description":"Erhvervsreng\u00f8ring: Kontorreng\u00f8ring og hotel reng\u00f8ring i Stork\u00f8benhavn.","publisher":{"@id":"https:\/\/shineprodk.com\/en\/#organization"},"potentialAction":[{"@type":"SearchAction","target":{"@type":"EntryPoint","urlTemplate":"https:\/\/shineprodk.com\/en\/?s={search_term_string}"},"query-input":{"@type":"PropertyValueSpecification","valueRequired":true,"valueName":"search_term_string"}}],"inLanguage":"en-US"},{"@type":"Organization","@id":"https:\/\/shineprodk.com\/en\/#organization","name":"ShinePro ApS","url":"https:\/\/shineprodk.com\/en\/","logo":{"@type":"ImageObject","inLanguage":"en-US","@id":"https:\/\/shineprodk.com\/en\/#\/schema\/logo\/image\/","url":"https:\/\/shineprodk.com\/wp-content\/uploads\/2025\/05\/logo.png","contentUrl":"https:\/\/shineprodk.com\/wp-content\/uploads\/2025\/05\/logo.png","width":332,"height":274,"caption":"ShinePro ApS"},"image":{"@id":"https:\/\/shineprodk.com\/en\/#\/schema\/logo\/image\/"}}]}},"_links":{"self":[{"href":"https:\/\/shineprodk.com\/en\/wp-json\/wp\/v2\/pages\/9650","targetHints":{"allow":["GET"]}}],"collection":[{"href":"https:\/\/shineprodk.com\/en\/wp-json\/wp\/v2\/pages"}],"about":[{"href":"https:\/\/shineprodk.com\/en\/wp-json\/wp\/v2\/types\/page"}],"author":[{"embeddable":true,"href":"https:\/\/shineprodk.com\/en\/wp-json\/wp\/v2\/users\/5"}],"replies":[{"embeddable":true,"href":"https:\/\/shineprodk.com\/en\/wp-json\/wp\/v2\/comments?post=9650"}],"version-history":[{"count":3,"href":"https:\/\/shineprodk.com\/en\/wp-json\/wp\/v2\/pages\/9650\/revisions"}],"predecessor-version":[{"id":9682,"href":"https:\/\/shineprodk.com\/en\/wp-json\/wp\/v2\/pages\/9650\/revisions\/9682"}],"wp:attachment":[{"href":"https:\/\/shineprodk.com\/en\/wp-json\/wp\/v2\/media?parent=9650"}],"wp:term":[{"taxonomy":"category","embeddable":true,"href":"https:\/\/shineprodk.com\/en\/wp-json\/wp\/v2\/categories?post=9650"}],"curies":[{"name":"wp","href":"https:\/\/api.w.org\/{rel}","templated":true}]}}