{"id":9646,"date":"2025-04-22T15:28:42","date_gmt":"2025-04-22T13:28:42","guid":{"rendered":"https:\/\/shineprodk.com\/portfolio\/"},"modified":"2025-05-15T13:32:51","modified_gmt":"2025-05-15T11:32:51","slug":"portfolio","status":"publish","type":"page","link":"https:\/\/shineprodk.com\/en\/portfolio\/","title":{"rendered":"Portfolio"},"content":{"rendered":"\t\t<div data-elementor-type=\"wp-page\" data-elementor-id=\"9646\" class=\"elementor elementor-9646 elementor-9401\" data-elementor-post-type=\"page\">\n\t\t\t\t<div class=\"elementor-element elementor-element-8e08acf e-flex e-con-boxed e-con e-parent\" data-id=\"8e08acf\" data-element_type=\"container\">\n\t\t\t\t\t<div class=\"e-con-inner\">\n\t\t<div class=\"elementor-element elementor-element-a6f1e7b e-con-full e-flex e-con e-child\" data-id=\"a6f1e7b\" data-element_type=\"container\">\n\t\t\t\t<div class=\"elementor-element elementor-element-0b1e218 elementor-widget elementor-widget-text-editor\" data-id=\"0b1e218\" data-element_type=\"widget\" data-widget_type=\"text-editor.default\">\n\t\t\t\t<div class=\"elementor-widget-container\">\n\t\t\t\t\t\t\t\t\t<h1>Welcome to ShinePro ApS \u2013 your trusted cleaning partner<\/h1>\n<p>At ShinePro ApS, we specialize in high-quality cleaning for both private and commercial purposes, ensuring spotless and hygienic environments for homes and businesses. Our dedicated team delivers tailor-made cleaning solutions tailored to your needs, creating fresh and inviting spaces every day.<\/p>\n<p>With a focus on professionalism, efficiency and attention to detail, we use premium cleaning techniques and environmentally friendly products to maintain the highest standards. Whether you need regular cleaning in your home or reliable cleaning of your office, retail space or facilities, ShinePro ApS guarantees exceptional results.<\/p>\n<p>Let us take care of the cleaning so you can enjoy a cleaner, healthier and more comfortable environment. Contact ShinePro ApS today for a service that shines!<\/p>\n\t\t\t\t\t\t\t\t<\/div>\n\t\t\t\t<\/div>\n\t\t\t\t<div class=\"elementor-element elementor-element-593188a elementor-align-justify elementor-widget__width-initial cta elementor-widget elementor-widget-button\" data-id=\"593188a\" data-element_type=\"widget\" data-settings=\"{&quot;_animation&quot;:&quot;none&quot;,&quot;_animation_delay&quot;:800}\" data-widget_type=\"button.default\">\n\t\t\t\t<div class=\"elementor-widget-container\">\n\t\t\t\t\t\t\t\t\t<div class=\"elementor-button-wrapper\">\n\t\t\t\t\t<a class=\"elementor-button elementor-button-link elementor-size-sm\" href=\"https:\/\/shineprodk.com\/en\/contact\/\">\n\t\t\t\t\t\t<span class=\"elementor-button-content-wrapper\">\n\t\t\t\t\t\t\t\t\t<span class=\"elementor-button-text\">Contact us today<\/span>\n\t\t\t\t\t<\/span>\n\t\t\t\t\t<\/a>\n\t\t\t\t<\/div>\n\t\t\t\t\t\t\t\t<\/div>\n\t\t\t\t<\/div>\n\t\t\t\t<\/div>\n\t\t<div class=\"elementor-element elementor-element-19b6da6 e-con-full e-flex e-con e-child\" data-id=\"19b6da6\" data-element_type=\"container\" data-settings=\"{&quot;background_background&quot;:&quot;classic&quot;}\">\n\t\t\t\t<\/div>\n\t\t\t\t\t<\/div>\n\t\t\t\t<\/div>\n\t\t<div class=\"elementor-element elementor-element-5721d6f e-flex e-con-boxed e-con e-parent\" data-id=\"5721d6f\" data-element_type=\"container\" data-settings=\"{&quot;background_background&quot;:&quot;classic&quot;}\">\n\t\t\t\t\t<div class=\"e-con-inner\">\n\t\t<div class=\"elementor-element elementor-element-6962336 e-con-full e-flex e-con e-child\" data-id=\"6962336\" data-element_type=\"container\">\n\t\t\t\t<div class=\"elementor-element elementor-element-4bdc3ce elementor-widget elementor-widget-heading\" data-id=\"4bdc3ce\" data-element_type=\"widget\" data-widget_type=\"heading.default\">\n\t\t\t\t<div class=\"elementor-widget-container\">\n\t\t\t\t\t<h2 class=\"elementor-heading-title elementor-size-default\">Ready for shiny results? Contact us today!<\/h2>\t\t\t\t<\/div>\n\t\t\t\t<\/div>\n\t\t\t\t<div class=\"elementor-element elementor-element-cb89dfd elementor-widget elementor-widget-text-editor\" data-id=\"cb89dfd\" data-element_type=\"widget\" data-widget_type=\"text-editor.default\">\n\t\t\t\t<div class=\"elementor-widget-container\">\n\t\t\t\t\t\t\t\t\t<p>Whether you need professional office cleaning, hotel cleaning or a tailor-made solution \u2013 we are ready to help.<br \/>We respond quickly, work efficiently and deliver quality every time.<\/p>\n<p>Let\u2019s have a chat \u2013 without obligation, of course!<\/p>\n\t\t\t\t\t\t\t\t<\/div>\n\t\t\t\t<\/div>\n\t\t\t\t<div class=\"elementor-element elementor-element-6c3c97d elementor-align-justify elementor-widget__width-initial cta elementor-widget elementor-widget-button\" data-id=\"6c3c97d\" data-element_type=\"widget\" data-settings=\"{&quot;_animation&quot;:&quot;none&quot;,&quot;_animation_delay&quot;:800}\" data-widget_type=\"button.default\">\n\t\t\t\t<div class=\"elementor-widget-container\">\n\t\t\t\t\t\t\t\t\t<div class=\"elementor-button-wrapper\">\n\t\t\t\t\t<a class=\"elementor-button elementor-button-link elementor-size-sm\" href=\"https:\/\/shineprodk.com\/en\/contact\/\">\n\t\t\t\t\t\t<span class=\"elementor-button-content-wrapper\">\n\t\t\t\t\t\t\t\t\t<span class=\"elementor-button-text\">Contact us today<\/span>\n\t\t\t\t\t<\/span>\n\t\t\t\t\t<\/a>\n\t\t\t\t<\/div>\n\t\t\t\t\t\t\t\t<\/div>\n\t\t\t\t<\/div>\n\t\t\t\t<\/div>\n\t\t<div class=\"elementor-element elementor-element-ab1f4e1 e-con-full e-flex e-con e-child\" data-id=\"ab1f4e1\" data-element_type=\"container\">\n\t\t\t\t<div class=\"elementor-element elementor-element-dd906c3 elementor-widget elementor-widget-shortcode\" data-id=\"dd906c3\" data-element_type=\"widget\" data-widget_type=\"shortcode.default\">\n\t\t\t\t<div class=\"elementor-widget-container\">\n\t\t\t\t\t\t\t<div class=\"elementor-shortcode\"><form id=\"forminator-module-9671\" class=\"forminator-custom-form forminator-custom-form-9671\" method=\"post\" data-forminator-render=\"0\" data-uid=\"69f43fe8bbdce\"><div role=\"alert\" aria-live=\"polite\" class=\"forminator-response-message forminator-error\" aria-hidden=\"true\"><\/div><\/form><\/div>\n\t\t\t\t\t\t<\/div>\n\t\t\t\t<\/div>\n\t\t\t\t<\/div>\n\t\t\t\t\t<\/div>\n\t\t\t\t<\/div>\n\t\t\t\t<\/div>\n\t\t","protected":false},"excerpt":{"rendered":"<p>Welcome to ShinePro ApS \u2013 your trusted cleaning partner At ShinePro ApS, we specialize in high-quality cleaning for both private and commercial purposes, ensuring spotless and hygienic environments for homes and businesses. Our dedicated team delivers tailor-made cleaning solutions tailored to your needs, creating fresh and inviting spaces every day. With a focus on professionalism, &#8230; <a title=\"Portfolio\" class=\"read-more\" href=\"https:\/\/shineprodk.com\/en\/portfolio\/\" aria-label=\"Read more about Portfolio\">Read more<\/a><\/p>\n","protected":false},"author":5,"featured_media":0,"parent":0,"menu_order":1001,"comment_status":"closed","ping_status":"closed","template":"","meta":{"_acf_changed":false,"footnotes":""},"categories":[],"class_list":["post-9646","page","type-page","status-publish"],"acf":[],"yoast_head":"<!-- This site is optimized with the Yoast SEO plugin v27.4 - https:\/\/yoast.com\/product\/yoast-seo-wordpress\/ -->\n<title>Portfolio | ShinePro ApS<\/title>\n<meta name=\"robots\" content=\"index, follow, max-snippet:-1, max-image-preview:large, max-video-preview:-1\" \/>\n<link rel=\"canonical\" href=\"https:\/\/shineprodk.com\/en\/portfolio\/\" \/>\n<meta property=\"og:locale\" content=\"en_US\" \/>\n<meta property=\"og:type\" content=\"article\" \/>\n<meta property=\"og:title\" content=\"Portfolio | ShinePro ApS\" \/>\n<meta property=\"og:description\" content=\"Welcome to ShinePro ApS \u2013 your trusted cleaning partner At ShinePro ApS, we specialize in high-quality cleaning for both private and commercial purposes, ensuring spotless and hygienic environments for homes and businesses. Our dedicated team delivers tailor-made cleaning solutions tailored to your needs, creating fresh and inviting spaces every day. With a focus on professionalism, ... Read more\" \/>\n<meta property=\"og:url\" content=\"https:\/\/shineprodk.com\/en\/portfolio\/\" \/>\n<meta property=\"og:site_name\" content=\"ShinePro ApS\" \/>\n<meta property=\"article:modified_time\" content=\"2025-05-15T11:32:51+00:00\" \/>\n<meta name=\"twitter:card\" content=\"summary_large_image\" \/>\n<meta name=\"twitter:label1\" content=\"Est. reading time\" \/>\n\t<meta name=\"twitter:data1\" content=\"1 minute\" \/>\n<script type=\"application\/ld+json\" class=\"yoast-schema-graph\">{\"@context\":\"https:\\\/\\\/schema.org\",\"@graph\":[{\"@type\":\"WebPage\",\"@id\":\"https:\\\/\\\/shineprodk.com\\\/en\\\/portfolio\\\/\",\"url\":\"https:\\\/\\\/shineprodk.com\\\/en\\\/portfolio\\\/\",\"name\":\"Portfolio | ShinePro ApS\",\"isPartOf\":{\"@id\":\"https:\\\/\\\/shineprodk.com\\\/en\\\/#website\"},\"datePublished\":\"2025-04-22T13:28:42+00:00\",\"dateModified\":\"2025-05-15T11:32:51+00:00\",\"breadcrumb\":{\"@id\":\"https:\\\/\\\/shineprodk.com\\\/en\\\/portfolio\\\/#breadcrumb\"},\"inLanguage\":\"en-US\",\"potentialAction\":[{\"@type\":\"ReadAction\",\"target\":[\"https:\\\/\\\/shineprodk.com\\\/en\\\/portfolio\\\/\"]}]},{\"@type\":\"BreadcrumbList\",\"@id\":\"https:\\\/\\\/shineprodk.com\\\/en\\\/portfolio\\\/#breadcrumb\",\"itemListElement\":[{\"@type\":\"ListItem\",\"position\":1,\"name\":\"Forside\",\"item\":\"https:\\\/\\\/shineprodk.com\\\/en\\\/\"},{\"@type\":\"ListItem\",\"position\":2,\"name\":\"Portfolio\"}]},{\"@type\":\"WebSite\",\"@id\":\"https:\\\/\\\/shineprodk.com\\\/en\\\/#website\",\"url\":\"https:\\\/\\\/shineprodk.com\\\/en\\\/\",\"name\":\"ShinePro ApS\",\"description\":\"Erhvervsreng\u00f8ring: Kontorreng\u00f8ring og hotel reng\u00f8ring i Stork\u00f8benhavn.\",\"publisher\":{\"@id\":\"https:\\\/\\\/shineprodk.com\\\/en\\\/#organization\"},\"potentialAction\":[{\"@type\":\"SearchAction\",\"target\":{\"@type\":\"EntryPoint\",\"urlTemplate\":\"https:\\\/\\\/shineprodk.com\\\/en\\\/?s={search_term_string}\"},\"query-input\":{\"@type\":\"PropertyValueSpecification\",\"valueRequired\":true,\"valueName\":\"search_term_string\"}}],\"inLanguage\":\"en-US\"},{\"@type\":\"Organization\",\"@id\":\"https:\\\/\\\/shineprodk.com\\\/en\\\/#organization\",\"name\":\"ShinePro ApS\",\"url\":\"https:\\\/\\\/shineprodk.com\\\/en\\\/\",\"logo\":{\"@type\":\"ImageObject\",\"inLanguage\":\"en-US\",\"@id\":\"https:\\\/\\\/shineprodk.com\\\/en\\\/#\\\/schema\\\/logo\\\/image\\\/\",\"url\":\"https:\\\/\\\/shineprodk.com\\\/wp-content\\\/uploads\\\/2025\\\/05\\\/logo.png\",\"contentUrl\":\"https:\\\/\\\/shineprodk.com\\\/wp-content\\\/uploads\\\/2025\\\/05\\\/logo.png\",\"width\":332,\"height\":274,\"caption\":\"ShinePro ApS\"},\"image\":{\"@id\":\"https:\\\/\\\/shineprodk.com\\\/en\\\/#\\\/schema\\\/logo\\\/image\\\/\"}}]}<\/script>\n<!-- \/ Yoast SEO plugin. -->","yoast_head_json":{"title":"Portfolio | ShinePro ApS","robots":{"index":"index","follow":"follow","max-snippet":"max-snippet:-1","max-image-preview":"max-image-preview:large","max-video-preview":"max-video-preview:-1"},"canonical":"https:\/\/shineprodk.com\/en\/portfolio\/","og_locale":"en_US","og_type":"article","og_title":"Portfolio | ShinePro ApS","og_description":"Welcome to ShinePro ApS \u2013 your trusted cleaning partner At ShinePro ApS, we specialize in high-quality cleaning for both private and commercial purposes, ensuring spotless and hygienic environments for homes and businesses. Our dedicated team delivers tailor-made cleaning solutions tailored to your needs, creating fresh and inviting spaces every day. With a focus on professionalism, ... Read more","og_url":"https:\/\/shineprodk.com\/en\/portfolio\/","og_site_name":"ShinePro ApS","article_modified_time":"2025-05-15T11:32:51+00:00","twitter_card":"summary_large_image","twitter_misc":{"Est. reading time":"1 minute"},"schema":{"@context":"https:\/\/schema.org","@graph":[{"@type":"WebPage","@id":"https:\/\/shineprodk.com\/en\/portfolio\/","url":"https:\/\/shineprodk.com\/en\/portfolio\/","name":"Portfolio | ShinePro ApS","isPartOf":{"@id":"https:\/\/shineprodk.com\/en\/#website"},"datePublished":"2025-04-22T13:28:42+00:00","dateModified":"2025-05-15T11:32:51+00:00","breadcrumb":{"@id":"https:\/\/shineprodk.com\/en\/portfolio\/#breadcrumb"},"inLanguage":"en-US","potentialAction":[{"@type":"ReadAction","target":["https:\/\/shineprodk.com\/en\/portfolio\/"]}]},{"@type":"BreadcrumbList","@id":"https:\/\/shineprodk.com\/en\/portfolio\/#breadcrumb","itemListElement":[{"@type":"ListItem","position":1,"name":"Forside","item":"https:\/\/shineprodk.com\/en\/"},{"@type":"ListItem","position":2,"name":"Portfolio"}]},{"@type":"WebSite","@id":"https:\/\/shineprodk.com\/en\/#website","url":"https:\/\/shineprodk.com\/en\/","name":"ShinePro ApS","description":"Erhvervsreng\u00f8ring: Kontorreng\u00f8ring og hotel reng\u00f8ring i Stork\u00f8benhavn.","publisher":{"@id":"https:\/\/shineprodk.com\/en\/#organization"},"potentialAction":[{"@type":"SearchAction","target":{"@type":"EntryPoint","urlTemplate":"https:\/\/shineprodk.com\/en\/?s={search_term_string}"},"query-input":{"@type":"PropertyValueSpecification","valueRequired":true,"valueName":"search_term_string"}}],"inLanguage":"en-US"},{"@type":"Organization","@id":"https:\/\/shineprodk.com\/en\/#organization","name":"ShinePro ApS","url":"https:\/\/shineprodk.com\/en\/","logo":{"@type":"ImageObject","inLanguage":"en-US","@id":"https:\/\/shineprodk.com\/en\/#\/schema\/logo\/image\/","url":"https:\/\/shineprodk.com\/wp-content\/uploads\/2025\/05\/logo.png","contentUrl":"https:\/\/shineprodk.com\/wp-content\/uploads\/2025\/05\/logo.png","width":332,"height":274,"caption":"ShinePro ApS"},"image":{"@id":"https:\/\/shineprodk.com\/en\/#\/schema\/logo\/image\/"}}]}},"_links":{"self":[{"href":"https:\/\/shineprodk.com\/en\/wp-json\/wp\/v2\/pages\/9646","targetHints":{"allow":["GET"]}}],"collection":[{"href":"https:\/\/shineprodk.com\/en\/wp-json\/wp\/v2\/pages"}],"about":[{"href":"https:\/\/shineprodk.com\/en\/wp-json\/wp\/v2\/types\/page"}],"author":[{"embeddable":true,"href":"https:\/\/shineprodk.com\/en\/wp-json\/wp\/v2\/users\/5"}],"replies":[{"embeddable":true,"href":"https:\/\/shineprodk.com\/en\/wp-json\/wp\/v2\/comments?post=9646"}],"version-history":[{"count":3,"href":"https:\/\/shineprodk.com\/en\/wp-json\/wp\/v2\/pages\/9646\/revisions"}],"predecessor-version":[{"id":9678,"href":"https:\/\/shineprodk.com\/en\/wp-json\/wp\/v2\/pages\/9646\/revisions\/9678"}],"wp:attachment":[{"href":"https:\/\/shineprodk.com\/en\/wp-json\/wp\/v2\/media?parent=9646"}],"wp:term":[{"taxonomy":"category","embeddable":true,"href":"https:\/\/shineprodk.com\/en\/wp-json\/wp\/v2\/categories?post=9646"}],"curies":[{"name":"wp","href":"https:\/\/api.w.org\/{rel}","templated":true}]}}