{"id":9642,"date":"2020-02-12T13:11:38","date_gmt":"2020-02-12T12:11:38","guid":{"rendered":"https:\/\/shineprodk.com\/contact\/"},"modified":"2025-05-15T13:32:12","modified_gmt":"2025-05-15T11:32:12","slug":"contact","status":"publish","type":"page","link":"https:\/\/shineprodk.com\/en\/contact\/","title":{"rendered":"Contact"},"content":{"rendered":"\t\t<div data-elementor-type=\"wp-page\" data-elementor-id=\"9642\" class=\"elementor elementor-9642 elementor-61\" data-elementor-post-type=\"page\">\n\t\t\t\t<div class=\"elementor-element elementor-element-889075c hero white e-flex e-con-boxed e-con e-parent\" data-id=\"889075c\" data-element_type=\"container\" data-settings=\"{&quot;background_background&quot;:&quot;video&quot;,&quot;background_video_link&quot;:&quot;\\\/wp-content\\\/uploads\\\/2025\\\/04\\\/rengoering-1.mp4&quot;,&quot;background_play_on_mobile&quot;:&quot;yes&quot;}\">\n\t\t\t\t\t<div class=\"e-con-inner\">\n\t\t<div class=\"elementor-background-video-container\" aria-hidden=\"true\">\n\t\t\t\t\t\t\t<video class=\"elementor-background-video-hosted\" autoplay muted playsinline loop><\/video>\n\t\t\t\t\t<\/div>\t\t\t<\/div>\n\t\t\t\t<\/div>\n\t\t<div class=\"elementor-element elementor-element-36839408 e-flex e-con-boxed e-con e-parent\" data-id=\"36839408\" data-element_type=\"container\">\n\t\t\t\t\t<div class=\"e-con-inner\">\n\t\t<div class=\"elementor-element elementor-element-4410f24e e-con-full no-padding e-flex e-con e-child\" data-id=\"4410f24e\" data-element_type=\"container\" data-settings=\"{&quot;background_background&quot;:&quot;classic&quot;}\">\n\t\t<div class=\"elementor-element elementor-element-f096162 e-con-full light padding e-flex e-con e-child\" data-id=\"f096162\" data-element_type=\"container\" data-settings=\"{&quot;background_background&quot;:&quot;classic&quot;}\">\n\t\t\t\t<div class=\"elementor-element elementor-element-57c7c892 elementor-widget elementor-widget-text-editor\" data-id=\"57c7c892\" data-element_type=\"widget\" data-widget_type=\"text-editor.default\">\n\t\t\t\t<div class=\"elementor-widget-container\">\n\t\t\t\t\t\t\t\t\t<h1>Contact Us<\/h1>\n<p><\/p>\n<h2>Our Contact Information<\/h2>\n<p><strong>ShinePro ApS<\/strong><br \/>Address: <strong><a href=\"https:\/\/www.google.com\/maps\/place\/Maglebjergvej 6, 2800 Kongens Lyngby\" target=\"_blank\" aria-label=\"Adresse\">Maglebjergvej 6, 2800 Kongens Lyngby<\/a><\/strong><\/p>\n<p>Phone: <a href=\"tel:+45 36 60 89 90\" aria-label=\"Telefon nummer\">+45 36 60 89 90<\/a><br \/>E-mail: <a href=\"mailto:kontakt@shineprodk.com\" aria-label=\"Email adresse\">kontakt@shineprodk.com<\/a><\/p>\n<p>CVR no.: 44888688<\/p>\n\t\t\t\t\t\t\t\t<\/div>\n\t\t\t\t<\/div>\n\t\t\t\t<div class=\"elementor-element elementor-element-6805fbdd some elementor-widget elementor-widget-html\" data-id=\"6805fbdd\" data-element_type=\"widget\" data-widget_type=\"html.default\">\n\t\t\t\t<div class=\"elementor-widget-container\">\n\t\t\t\t\t<a href=\"https:\/\/www.facebook.com\/profile.php?id=61561655904665\" target=\"_blank\" aria-label=\"F\u00f8lg os p\u00e5 Facebook\"><i class=\"fa-brands fa-facebook-f\"><\/i><\/a>\t\t\t\t<\/div>\n\t\t\t\t<\/div>\n\t\t\t\t<\/div>\n\t\t<div class=\"elementor-element elementor-element-260bdb7a e-con-full padding e-flex e-con e-child\" data-id=\"260bdb7a\" data-element_type=\"container\">\n\t\t\t\t<div class=\"elementor-element elementor-element-3041eac elementor-widget elementor-widget-text-editor\" data-id=\"3041eac\" data-element_type=\"widget\" data-widget_type=\"text-editor.default\">\n\t\t\t\t<div class=\"elementor-widget-container\">\n\t\t\t\t\t\t\t\t\t<h2>Fill out the contact form here<\/h2>\n\t\t\t\t\t\t\t\t<\/div>\n\t\t\t\t<\/div>\n\t\t\t\t<div class=\"elementor-element elementor-element-2e7968d8 elementor-widget__width-inherit elementor-widget elementor-widget-shortcode\" data-id=\"2e7968d8\" data-element_type=\"widget\" data-widget_type=\"shortcode.default\">\n\t\t\t\t<div class=\"elementor-widget-container\">\n\t\t\t\t\t\t\t<div class=\"elementor-shortcode\"><form id=\"forminator-module-9671\" class=\"forminator-custom-form forminator-custom-form-9671\" method=\"post\" data-forminator-render=\"0\" data-uid=\"69f43ed0d89a8\"><div role=\"alert\" aria-live=\"polite\" class=\"forminator-response-message forminator-error\" aria-hidden=\"true\"><\/div><\/form><\/div>\n\t\t\t\t\t\t<\/div>\n\t\t\t\t<\/div>\n\t\t\t\t<\/div>\n\t\t\t\t<\/div>\n\t\t\t\t\t<\/div>\n\t\t\t\t<\/div>\n\t\t\t\t<\/div>\n\t\t","protected":false},"excerpt":{"rendered":"<p>Do you have any questions or comments? Contact us today to learn more about what we can do for you.<\/p>\n","protected":false},"author":1,"featured_media":0,"parent":0,"menu_order":0,"comment_status":"closed","ping_status":"closed","template":"","meta":{"_acf_changed":false,"footnotes":""},"categories":[],"class_list":["post-9642","page","type-page","status-publish"],"acf":[],"yoast_head":"<!-- This site is optimized with the Yoast SEO plugin v27.4 - https:\/\/yoast.com\/product\/yoast-seo-wordpress\/ -->\n<title>Contact | ShinePro ApS<\/title>\n<meta name=\"robots\" content=\"index, follow, max-snippet:-1, max-image-preview:large, max-video-preview:-1\" \/>\n<link rel=\"canonical\" href=\"https:\/\/shineprodk.com\/en\/contact\/\" \/>\n<meta property=\"og:locale\" content=\"en_US\" \/>\n<meta property=\"og:type\" content=\"article\" \/>\n<meta property=\"og:title\" content=\"Contact | ShinePro ApS\" \/>\n<meta property=\"og:description\" content=\"Do you have any questions or comments? Contact us today to learn more about what we can do for you.\" \/>\n<meta property=\"og:url\" content=\"https:\/\/shineprodk.com\/en\/contact\/\" \/>\n<meta property=\"og:site_name\" content=\"ShinePro ApS\" \/>\n<meta property=\"article:modified_time\" content=\"2025-05-15T11:32:12+00:00\" \/>\n<meta name=\"twitter:card\" content=\"summary_large_image\" \/>\n<script type=\"application\/ld+json\" class=\"yoast-schema-graph\">{\"@context\":\"https:\\\/\\\/schema.org\",\"@graph\":[{\"@type\":\"WebPage\",\"@id\":\"https:\\\/\\\/shineprodk.com\\\/en\\\/contact\\\/\",\"url\":\"https:\\\/\\\/shineprodk.com\\\/en\\\/contact\\\/\",\"name\":\"Contact | ShinePro ApS\",\"isPartOf\":{\"@id\":\"https:\\\/\\\/shineprodk.com\\\/en\\\/#website\"},\"datePublished\":\"2020-02-12T12:11:38+00:00\",\"dateModified\":\"2025-05-15T11:32:12+00:00\",\"breadcrumb\":{\"@id\":\"https:\\\/\\\/shineprodk.com\\\/en\\\/contact\\\/#breadcrumb\"},\"inLanguage\":\"en-US\",\"potentialAction\":[{\"@type\":\"ReadAction\",\"target\":[\"https:\\\/\\\/shineprodk.com\\\/en\\\/contact\\\/\"]}]},{\"@type\":\"BreadcrumbList\",\"@id\":\"https:\\\/\\\/shineprodk.com\\\/en\\\/contact\\\/#breadcrumb\",\"itemListElement\":[{\"@type\":\"ListItem\",\"position\":1,\"name\":\"Forside\",\"item\":\"https:\\\/\\\/shineprodk.com\\\/en\\\/\"},{\"@type\":\"ListItem\",\"position\":2,\"name\":\"Contact\"}]},{\"@type\":\"WebSite\",\"@id\":\"https:\\\/\\\/shineprodk.com\\\/en\\\/#website\",\"url\":\"https:\\\/\\\/shineprodk.com\\\/en\\\/\",\"name\":\"ShinePro ApS\",\"description\":\"Erhvervsreng\u00f8ring: Kontorreng\u00f8ring og hotel reng\u00f8ring i Stork\u00f8benhavn.\",\"publisher\":{\"@id\":\"https:\\\/\\\/shineprodk.com\\\/en\\\/#organization\"},\"potentialAction\":[{\"@type\":\"SearchAction\",\"target\":{\"@type\":\"EntryPoint\",\"urlTemplate\":\"https:\\\/\\\/shineprodk.com\\\/en\\\/?s={search_term_string}\"},\"query-input\":{\"@type\":\"PropertyValueSpecification\",\"valueRequired\":true,\"valueName\":\"search_term_string\"}}],\"inLanguage\":\"en-US\"},{\"@type\":\"Organization\",\"@id\":\"https:\\\/\\\/shineprodk.com\\\/en\\\/#organization\",\"name\":\"ShinePro ApS\",\"url\":\"https:\\\/\\\/shineprodk.com\\\/en\\\/\",\"logo\":{\"@type\":\"ImageObject\",\"inLanguage\":\"en-US\",\"@id\":\"https:\\\/\\\/shineprodk.com\\\/en\\\/#\\\/schema\\\/logo\\\/image\\\/\",\"url\":\"https:\\\/\\\/shineprodk.com\\\/wp-content\\\/uploads\\\/2025\\\/05\\\/logo.png\",\"contentUrl\":\"https:\\\/\\\/shineprodk.com\\\/wp-content\\\/uploads\\\/2025\\\/05\\\/logo.png\",\"width\":332,\"height\":274,\"caption\":\"ShinePro ApS\"},\"image\":{\"@id\":\"https:\\\/\\\/shineprodk.com\\\/en\\\/#\\\/schema\\\/logo\\\/image\\\/\"}}]}<\/script>\n<!-- \/ Yoast SEO plugin. -->","yoast_head_json":{"title":"Contact | ShinePro ApS","robots":{"index":"index","follow":"follow","max-snippet":"max-snippet:-1","max-image-preview":"max-image-preview:large","max-video-preview":"max-video-preview:-1"},"canonical":"https:\/\/shineprodk.com\/en\/contact\/","og_locale":"en_US","og_type":"article","og_title":"Contact | ShinePro ApS","og_description":"Do you have any questions or comments? Contact us today to learn more about what we can do for you.","og_url":"https:\/\/shineprodk.com\/en\/contact\/","og_site_name":"ShinePro ApS","article_modified_time":"2025-05-15T11:32:12+00:00","twitter_card":"summary_large_image","schema":{"@context":"https:\/\/schema.org","@graph":[{"@type":"WebPage","@id":"https:\/\/shineprodk.com\/en\/contact\/","url":"https:\/\/shineprodk.com\/en\/contact\/","name":"Contact | ShinePro ApS","isPartOf":{"@id":"https:\/\/shineprodk.com\/en\/#website"},"datePublished":"2020-02-12T12:11:38+00:00","dateModified":"2025-05-15T11:32:12+00:00","breadcrumb":{"@id":"https:\/\/shineprodk.com\/en\/contact\/#breadcrumb"},"inLanguage":"en-US","potentialAction":[{"@type":"ReadAction","target":["https:\/\/shineprodk.com\/en\/contact\/"]}]},{"@type":"BreadcrumbList","@id":"https:\/\/shineprodk.com\/en\/contact\/#breadcrumb","itemListElement":[{"@type":"ListItem","position":1,"name":"Forside","item":"https:\/\/shineprodk.com\/en\/"},{"@type":"ListItem","position":2,"name":"Contact"}]},{"@type":"WebSite","@id":"https:\/\/shineprodk.com\/en\/#website","url":"https:\/\/shineprodk.com\/en\/","name":"ShinePro ApS","description":"Erhvervsreng\u00f8ring: Kontorreng\u00f8ring og hotel reng\u00f8ring i Stork\u00f8benhavn.","publisher":{"@id":"https:\/\/shineprodk.com\/en\/#organization"},"potentialAction":[{"@type":"SearchAction","target":{"@type":"EntryPoint","urlTemplate":"https:\/\/shineprodk.com\/en\/?s={search_term_string}"},"query-input":{"@type":"PropertyValueSpecification","valueRequired":true,"valueName":"search_term_string"}}],"inLanguage":"en-US"},{"@type":"Organization","@id":"https:\/\/shineprodk.com\/en\/#organization","name":"ShinePro ApS","url":"https:\/\/shineprodk.com\/en\/","logo":{"@type":"ImageObject","inLanguage":"en-US","@id":"https:\/\/shineprodk.com\/en\/#\/schema\/logo\/image\/","url":"https:\/\/shineprodk.com\/wp-content\/uploads\/2025\/05\/logo.png","contentUrl":"https:\/\/shineprodk.com\/wp-content\/uploads\/2025\/05\/logo.png","width":332,"height":274,"caption":"ShinePro ApS"},"image":{"@id":"https:\/\/shineprodk.com\/en\/#\/schema\/logo\/image\/"}}]}},"_links":{"self":[{"href":"https:\/\/shineprodk.com\/en\/wp-json\/wp\/v2\/pages\/9642","targetHints":{"allow":["GET"]}}],"collection":[{"href":"https:\/\/shineprodk.com\/en\/wp-json\/wp\/v2\/pages"}],"about":[{"href":"https:\/\/shineprodk.com\/en\/wp-json\/wp\/v2\/types\/page"}],"author":[{"embeddable":true,"href":"https:\/\/shineprodk.com\/en\/wp-json\/wp\/v2\/users\/1"}],"replies":[{"embeddable":true,"href":"https:\/\/shineprodk.com\/en\/wp-json\/wp\/v2\/comments?post=9642"}],"version-history":[{"count":3,"href":"https:\/\/shineprodk.com\/en\/wp-json\/wp\/v2\/pages\/9642\/revisions"}],"predecessor-version":[{"id":9674,"href":"https:\/\/shineprodk.com\/en\/wp-json\/wp\/v2\/pages\/9642\/revisions\/9674"}],"wp:attachment":[{"href":"https:\/\/shineprodk.com\/en\/wp-json\/wp\/v2\/media?parent=9642"}],"wp:term":[{"taxonomy":"category","embeddable":true,"href":"https:\/\/shineprodk.com\/en\/wp-json\/wp\/v2\/categories?post=9642"}],"curies":[{"name":"wp","href":"https:\/\/api.w.org\/{rel}","templated":true}]}}