{"id":9640,"date":"2025-04-23T13:16:05","date_gmt":"2025-04-23T11:16:05","guid":{"rendered":"https:\/\/shineprodk.com\/prices\/"},"modified":"2025-05-15T13:32:31","modified_gmt":"2025-05-15T11:32:31","slug":"prices","status":"publish","type":"page","link":"https:\/\/shineprodk.com\/en\/prices\/","title":{"rendered":"Prices"},"content":{"rendered":"\t\t<div data-elementor-type=\"wp-page\" data-elementor-id=\"9640\" class=\"elementor elementor-9640 elementor-9581\" data-elementor-post-type=\"page\">\n\t\t\t\t<div class=\"elementor-element elementor-element-5180efe e-flex e-con-boxed e-con e-parent\" data-id=\"5180efe\" data-element_type=\"container\">\n\t\t\t\t\t<div class=\"e-con-inner\">\n\t\t<div class=\"elementor-element elementor-element-b61bb42 e-con-full e-flex e-con e-child\" data-id=\"b61bb42\" data-element_type=\"container\">\n\t\t\t\t<div class=\"elementor-element elementor-element-63d83d0 elementor-widget elementor-widget-text-editor\" data-id=\"63d83d0\" data-element_type=\"widget\" data-widget_type=\"text-editor.default\">\n\t\t\t\t<div class=\"elementor-widget-container\">\n\t\t\t\t\t\t\t\t\t<h1>Price information (excl. VAT):<\/h1>\n<p><\/p>\n<ul>\n<li><strong>Private cleaning:<\/strong> From 250 DKK per hour<\/li>\n<li><strong>Main cleaning:<\/strong> Price depends on the extent of the cleaning<\/li>\n<li><strong>Move-in and move-out cleaning:<\/strong> Customized price based on the size and condition of the property<\/li>\n<li><strong>Commercial cleaning:<\/strong> Contact us for a personal quote<\/li>\n<li><strong>Hotel cleaning:<\/strong> Price based on number of rooms, cleaning frequency and service level<\/li>\n<li><strong>Stair cleaning:<\/strong> Price depends on the size of the building and cleaning frequency<\/li>\n<\/ul>\n<p>All prices are excl. VAT and are determined individually in dialogue with the customer to ensure transparency and satisfaction.<\/p>\n<p>Contact us today for a free consultation and a tailored quote!<\/p>\n\t\t\t\t\t\t\t\t<\/div>\n\t\t\t\t<\/div>\n\t\t\t\t<div class=\"elementor-element elementor-element-4cc7253 elementor-align-justify elementor-widget__width-initial cta elementor-widget elementor-widget-button\" data-id=\"4cc7253\" data-element_type=\"widget\" data-settings=\"{&quot;_animation&quot;:&quot;none&quot;,&quot;_animation_delay&quot;:800}\" data-widget_type=\"button.default\">\n\t\t\t\t<div class=\"elementor-widget-container\">\n\t\t\t\t\t\t\t\t\t<div class=\"elementor-button-wrapper\">\n\t\t\t\t\t<a class=\"elementor-button elementor-button-link elementor-size-sm\" href=\"https:\/\/shineprodk.com\/kontakt\/\">\n\t\t\t\t\t\t<span class=\"elementor-button-content-wrapper\">\n\t\t\t\t\t\t\t\t\t<span class=\"elementor-button-text\">Contact us today<\/span>\n\t\t\t\t\t<\/span>\n\t\t\t\t\t<\/a>\n\t\t\t\t<\/div>\n\t\t\t\t\t\t\t\t<\/div>\n\t\t\t\t<\/div>\n\t\t\t\t<\/div>\n\t\t<div class=\"elementor-element elementor-element-8bded14 e-con-full e-flex e-con e-child\" data-id=\"8bded14\" data-element_type=\"container\" data-settings=\"{&quot;background_background&quot;:&quot;classic&quot;}\">\n\t\t\t\t<\/div>\n\t\t\t\t\t<\/div>\n\t\t\t\t<\/div>\n\t\t<div class=\"elementor-element elementor-element-5f6afeb e-flex e-con-boxed e-con e-parent\" data-id=\"5f6afeb\" data-element_type=\"container\" data-settings=\"{&quot;background_background&quot;:&quot;classic&quot;}\">\n\t\t\t\t\t<div class=\"e-con-inner\">\n\t\t<div class=\"elementor-element elementor-element-45417f2 e-con-full e-flex e-con e-child\" data-id=\"45417f2\" data-element_type=\"container\">\n\t\t\t\t<div class=\"elementor-element elementor-element-94f0011 elementor-widget elementor-widget-heading\" data-id=\"94f0011\" data-element_type=\"widget\" data-widget_type=\"heading.default\">\n\t\t\t\t<div class=\"elementor-widget-container\">\n\t\t\t\t\t<h2 class=\"elementor-heading-title elementor-size-default\">Ready for shiny results? Contact us today!<\/h2>\t\t\t\t<\/div>\n\t\t\t\t<\/div>\n\t\t\t\t<div class=\"elementor-element elementor-element-ba75a0d elementor-widget elementor-widget-text-editor\" data-id=\"ba75a0d\" data-element_type=\"widget\" data-widget_type=\"text-editor.default\">\n\t\t\t\t<div class=\"elementor-widget-container\">\n\t\t\t\t\t\t\t\t\t<p>Whether you need professional office cleaning, hotel cleaning or a tailor-made solution \u2013 we are ready to help.<br \/>We respond quickly, work efficiently and deliver quality every time.<\/p>\n<p>Let\u2019s have a chat \u2013 without obligation, of course!<\/p>\n\t\t\t\t\t\t\t\t<\/div>\n\t\t\t\t<\/div>\n\t\t\t\t<div class=\"elementor-element elementor-element-7047d0b elementor-align-justify elementor-widget__width-initial cta elementor-widget elementor-widget-button\" data-id=\"7047d0b\" data-element_type=\"widget\" data-settings=\"{&quot;_animation&quot;:&quot;none&quot;,&quot;_animation_delay&quot;:800}\" data-widget_type=\"button.default\">\n\t\t\t\t<div class=\"elementor-widget-container\">\n\t\t\t\t\t\t\t\t\t<div class=\"elementor-button-wrapper\">\n\t\t\t\t\t<a class=\"elementor-button elementor-button-link elementor-size-sm\" href=\"https:\/\/shineprodk.com\/kontakt\/\">\n\t\t\t\t\t\t<span class=\"elementor-button-content-wrapper\">\n\t\t\t\t\t\t\t\t\t<span class=\"elementor-button-text\">Contact us today<\/span>\n\t\t\t\t\t<\/span>\n\t\t\t\t\t<\/a>\n\t\t\t\t<\/div>\n\t\t\t\t\t\t\t\t<\/div>\n\t\t\t\t<\/div>\n\t\t\t\t<\/div>\n\t\t<div class=\"elementor-element elementor-element-94c324b e-con-full e-flex e-con e-child\" data-id=\"94c324b\" data-element_type=\"container\">\n\t\t\t\t<div class=\"elementor-element elementor-element-9afeacf elementor-widget elementor-widget-shortcode\" data-id=\"9afeacf\" data-element_type=\"widget\" data-widget_type=\"shortcode.default\">\n\t\t\t\t<div class=\"elementor-widget-container\">\n\t\t\t\t\t\t\t<div class=\"elementor-shortcode\"><form id=\"forminator-module-9671\" class=\"forminator-custom-form forminator-custom-form-9671\" method=\"post\" data-forminator-render=\"0\" data-uid=\"69f43dc895848\"><div role=\"alert\" aria-live=\"polite\" class=\"forminator-response-message forminator-error\" aria-hidden=\"true\"><\/div><\/form><\/div>\n\t\t\t\t\t\t<\/div>\n\t\t\t\t<\/div>\n\t\t\t\t<\/div>\n\t\t\t\t\t<\/div>\n\t\t\t\t<\/div>\n\t\t\t\t<\/div>\n\t\t","protected":false},"excerpt":{"rendered":"<p>Price information (excl. VAT): Private cleaning: From 250 DKK per hour Main cleaning: Price depends on the extent of the cleaning Move-in and move-out cleaning: Customized price based on the size and condition of the property Commercial cleaning: Contact us for a personal quote Hotel cleaning: Price based on number of rooms, cleaning frequency and &#8230; <a title=\"Prices\" class=\"read-more\" href=\"https:\/\/shineprodk.com\/en\/prices\/\" aria-label=\"Read more about Prices\">Read more<\/a><\/p>\n","protected":false},"author":5,"featured_media":0,"parent":0,"menu_order":0,"comment_status":"closed","ping_status":"closed","template":"","meta":{"_acf_changed":false,"footnotes":""},"categories":[],"class_list":["post-9640","page","type-page","status-publish"],"acf":[],"yoast_head":"<!-- This site is optimized with the Yoast SEO plugin v27.4 - https:\/\/yoast.com\/product\/yoast-seo-wordpress\/ -->\n<title>Prices | ShinePro ApS<\/title>\n<meta name=\"robots\" content=\"index, follow, max-snippet:-1, max-image-preview:large, max-video-preview:-1\" \/>\n<link rel=\"canonical\" href=\"https:\/\/shineprodk.com\/en\/prices\/\" \/>\n<meta property=\"og:locale\" content=\"en_US\" \/>\n<meta property=\"og:type\" content=\"article\" \/>\n<meta property=\"og:title\" content=\"Prices | ShinePro ApS\" \/>\n<meta property=\"og:description\" content=\"Price information (excl. VAT): Private cleaning: From 250 DKK per hour Main cleaning: Price depends on the extent of the cleaning Move-in and move-out cleaning: Customized price based on the size and condition of the property Commercial cleaning: Contact us for a personal quote Hotel cleaning: Price based on number of rooms, cleaning frequency and ... Read more\" \/>\n<meta property=\"og:url\" content=\"https:\/\/shineprodk.com\/en\/prices\/\" \/>\n<meta property=\"og:site_name\" content=\"ShinePro ApS\" \/>\n<meta property=\"article:modified_time\" content=\"2025-05-15T11:32:31+00:00\" \/>\n<meta name=\"twitter:card\" content=\"summary_large_image\" \/>\n<meta name=\"twitter:label1\" content=\"Est. reading time\" \/>\n\t<meta name=\"twitter:data1\" content=\"1 minute\" \/>\n<script type=\"application\/ld+json\" class=\"yoast-schema-graph\">{\"@context\":\"https:\\\/\\\/schema.org\",\"@graph\":[{\"@type\":\"WebPage\",\"@id\":\"https:\\\/\\\/shineprodk.com\\\/en\\\/prices\\\/\",\"url\":\"https:\\\/\\\/shineprodk.com\\\/en\\\/prices\\\/\",\"name\":\"Prices | ShinePro ApS\",\"isPartOf\":{\"@id\":\"https:\\\/\\\/shineprodk.com\\\/en\\\/#website\"},\"datePublished\":\"2025-04-23T11:16:05+00:00\",\"dateModified\":\"2025-05-15T11:32:31+00:00\",\"breadcrumb\":{\"@id\":\"https:\\\/\\\/shineprodk.com\\\/en\\\/prices\\\/#breadcrumb\"},\"inLanguage\":\"en-US\",\"potentialAction\":[{\"@type\":\"ReadAction\",\"target\":[\"https:\\\/\\\/shineprodk.com\\\/en\\\/prices\\\/\"]}]},{\"@type\":\"BreadcrumbList\",\"@id\":\"https:\\\/\\\/shineprodk.com\\\/en\\\/prices\\\/#breadcrumb\",\"itemListElement\":[{\"@type\":\"ListItem\",\"position\":1,\"name\":\"Forside\",\"item\":\"https:\\\/\\\/shineprodk.com\\\/en\\\/\"},{\"@type\":\"ListItem\",\"position\":2,\"name\":\"Prices\"}]},{\"@type\":\"WebSite\",\"@id\":\"https:\\\/\\\/shineprodk.com\\\/en\\\/#website\",\"url\":\"https:\\\/\\\/shineprodk.com\\\/en\\\/\",\"name\":\"ShinePro ApS\",\"description\":\"Erhvervsreng\u00f8ring: Kontorreng\u00f8ring og hotel reng\u00f8ring i Stork\u00f8benhavn.\",\"publisher\":{\"@id\":\"https:\\\/\\\/shineprodk.com\\\/en\\\/#organization\"},\"potentialAction\":[{\"@type\":\"SearchAction\",\"target\":{\"@type\":\"EntryPoint\",\"urlTemplate\":\"https:\\\/\\\/shineprodk.com\\\/en\\\/?s={search_term_string}\"},\"query-input\":{\"@type\":\"PropertyValueSpecification\",\"valueRequired\":true,\"valueName\":\"search_term_string\"}}],\"inLanguage\":\"en-US\"},{\"@type\":\"Organization\",\"@id\":\"https:\\\/\\\/shineprodk.com\\\/en\\\/#organization\",\"name\":\"ShinePro ApS\",\"url\":\"https:\\\/\\\/shineprodk.com\\\/en\\\/\",\"logo\":{\"@type\":\"ImageObject\",\"inLanguage\":\"en-US\",\"@id\":\"https:\\\/\\\/shineprodk.com\\\/en\\\/#\\\/schema\\\/logo\\\/image\\\/\",\"url\":\"https:\\\/\\\/shineprodk.com\\\/wp-content\\\/uploads\\\/2025\\\/05\\\/logo.png\",\"contentUrl\":\"https:\\\/\\\/shineprodk.com\\\/wp-content\\\/uploads\\\/2025\\\/05\\\/logo.png\",\"width\":332,\"height\":274,\"caption\":\"ShinePro ApS\"},\"image\":{\"@id\":\"https:\\\/\\\/shineprodk.com\\\/en\\\/#\\\/schema\\\/logo\\\/image\\\/\"}}]}<\/script>\n<!-- \/ Yoast SEO plugin. -->","yoast_head_json":{"title":"Prices | ShinePro ApS","robots":{"index":"index","follow":"follow","max-snippet":"max-snippet:-1","max-image-preview":"max-image-preview:large","max-video-preview":"max-video-preview:-1"},"canonical":"https:\/\/shineprodk.com\/en\/prices\/","og_locale":"en_US","og_type":"article","og_title":"Prices | ShinePro ApS","og_description":"Price information (excl. VAT): Private cleaning: From 250 DKK per hour Main cleaning: Price depends on the extent of the cleaning Move-in and move-out cleaning: Customized price based on the size and condition of the property Commercial cleaning: Contact us for a personal quote Hotel cleaning: Price based on number of rooms, cleaning frequency and ... Read more","og_url":"https:\/\/shineprodk.com\/en\/prices\/","og_site_name":"ShinePro ApS","article_modified_time":"2025-05-15T11:32:31+00:00","twitter_card":"summary_large_image","twitter_misc":{"Est. reading time":"1 minute"},"schema":{"@context":"https:\/\/schema.org","@graph":[{"@type":"WebPage","@id":"https:\/\/shineprodk.com\/en\/prices\/","url":"https:\/\/shineprodk.com\/en\/prices\/","name":"Prices | ShinePro ApS","isPartOf":{"@id":"https:\/\/shineprodk.com\/en\/#website"},"datePublished":"2025-04-23T11:16:05+00:00","dateModified":"2025-05-15T11:32:31+00:00","breadcrumb":{"@id":"https:\/\/shineprodk.com\/en\/prices\/#breadcrumb"},"inLanguage":"en-US","potentialAction":[{"@type":"ReadAction","target":["https:\/\/shineprodk.com\/en\/prices\/"]}]},{"@type":"BreadcrumbList","@id":"https:\/\/shineprodk.com\/en\/prices\/#breadcrumb","itemListElement":[{"@type":"ListItem","position":1,"name":"Forside","item":"https:\/\/shineprodk.com\/en\/"},{"@type":"ListItem","position":2,"name":"Prices"}]},{"@type":"WebSite","@id":"https:\/\/shineprodk.com\/en\/#website","url":"https:\/\/shineprodk.com\/en\/","name":"ShinePro ApS","description":"Erhvervsreng\u00f8ring: Kontorreng\u00f8ring og hotel reng\u00f8ring i Stork\u00f8benhavn.","publisher":{"@id":"https:\/\/shineprodk.com\/en\/#organization"},"potentialAction":[{"@type":"SearchAction","target":{"@type":"EntryPoint","urlTemplate":"https:\/\/shineprodk.com\/en\/?s={search_term_string}"},"query-input":{"@type":"PropertyValueSpecification","valueRequired":true,"valueName":"search_term_string"}}],"inLanguage":"en-US"},{"@type":"Organization","@id":"https:\/\/shineprodk.com\/en\/#organization","name":"ShinePro ApS","url":"https:\/\/shineprodk.com\/en\/","logo":{"@type":"ImageObject","inLanguage":"en-US","@id":"https:\/\/shineprodk.com\/en\/#\/schema\/logo\/image\/","url":"https:\/\/shineprodk.com\/wp-content\/uploads\/2025\/05\/logo.png","contentUrl":"https:\/\/shineprodk.com\/wp-content\/uploads\/2025\/05\/logo.png","width":332,"height":274,"caption":"ShinePro ApS"},"image":{"@id":"https:\/\/shineprodk.com\/en\/#\/schema\/logo\/image\/"}}]}},"_links":{"self":[{"href":"https:\/\/shineprodk.com\/en\/wp-json\/wp\/v2\/pages\/9640","targetHints":{"allow":["GET"]}}],"collection":[{"href":"https:\/\/shineprodk.com\/en\/wp-json\/wp\/v2\/pages"}],"about":[{"href":"https:\/\/shineprodk.com\/en\/wp-json\/wp\/v2\/types\/page"}],"author":[{"embeddable":true,"href":"https:\/\/shineprodk.com\/en\/wp-json\/wp\/v2\/users\/5"}],"replies":[{"embeddable":true,"href":"https:\/\/shineprodk.com\/en\/wp-json\/wp\/v2\/comments?post=9640"}],"version-history":[{"count":3,"href":"https:\/\/shineprodk.com\/en\/wp-json\/wp\/v2\/pages\/9640\/revisions"}],"predecessor-version":[{"id":9676,"href":"https:\/\/shineprodk.com\/en\/wp-json\/wp\/v2\/pages\/9640\/revisions\/9676"}],"wp:attachment":[{"href":"https:\/\/shineprodk.com\/en\/wp-json\/wp\/v2\/media?parent=9640"}],"wp:term":[{"taxonomy":"category","embeddable":true,"href":"https:\/\/shineprodk.com\/en\/wp-json\/wp\/v2\/categories?post=9640"}],"curies":[{"name":"wp","href":"https:\/\/api.w.org\/{rel}","templated":true}]}}